{"id":860,"date":"2023-03-14T16:33:42","date_gmt":"2023-03-14T15:33:42","guid":{"rendered":"https:\/\/blog.ener2crowd.com\/es\/?page_id=860"},"modified":"2023-03-22T09:43:09","modified_gmt":"2023-03-22T08:43:09","slug":"crowdfunding-articulos","status":"publish","type":"page","link":"https:\/\/blog.ener2crowd.com\/es\/crowdfunding-articulos\/","title":{"rendered":"Crowdfunding art\u00edculos"},"content":{"rendered":"<p>[et_pb_section fb_built=\u00bb1&#8243; disabled_on=\u00bboff|off|off\u00bb _builder_version=\u00bb4.19.4&#8243; _module_preset=\u00bbdefault\u00bb background_color=\u00bb#4db757&#8243; custom_padding=\u00bb7px||7px||true|\u00bb global_module=\u00bb145&#8243; saved_tabs=\u00bball\u00bb global_colors_info=\u00bb{}\u00bb][et_pb_row _builder_version=\u00bb4.19.4&#8243; _module_preset=\u00bbdefault\u00bb global_colors_info=\u00bb{}\u00bb][et_pb_column type=\u00bb4_4&#8243; _builder_version=\u00bb4.19.4&#8243; _module_preset=\u00bbdefault\u00bb global_colors_info=\u00bb{}\u00bb][et_pb_menu menu_id=\u00bb24&#8243; menu_style=\u00bbcentered\u00bb active_link_color=\u00bb#FFFFFF\u00bb dropdown_menu_bg_color=\u00bb#dddddd\u00bb dropdown_menu_line_color=\u00bb#dddddd\u00bb dropdown_menu_text_color=\u00bb#9B9B9B\u00bb dropdown_menu_active_link_color=\u00bb#d3d3d3&#8243; mobile_menu_text_color=\u00bb#919191&#8243; search_icon_color=\u00bb#FFFFFF\u00bb menu_icon_color=\u00bb#FFFFFF\u00bb menu_icon_font_size=\u00bb30px\u00bb _builder_version=\u00bb4.19.4&#8243; _module_preset=\u00bbdefault\u00bb menu_font=\u00bbOswald|600||on|||||\u00bb menu_text_color=\u00bb#FFFFFF\u00bb menu_letter_spacing=\u00bb1px\u00bb background_enable_color=\u00bboff\u00bb global_colors_info=\u00bb{}\u00bb][\/et_pb_menu][\/et_pb_column][\/et_pb_row][\/et_pb_section][et_pb_section fb_built=\u00bb1&#8243; fullwidth=\u00bbon\u00bb _builder_version=\u00bb4.16&#8243; global_colors_info=\u00bb{}\u00bb][et_pb_fullwidth_header title=\u00bbCrowdfunding\u00bb subhead=\u00bbEner2Crowd\u00bb _builder_version=\u00bb4.19.4&#8243; title_font=\u00bb|700|||||||\u00bb title_font_size=\u00bb61px\u00bb subhead_font_size=\u00bb23px\u00bb background_enable_color=\u00bboff\u00bb background_image=\u00bbhttps:\/\/blog.ener2crowd.com\/es\/wp-content\/uploads\/2023\/01\/hand-presenting-earth-sustainable-environment-remix-scaled-1.jpg\u00bb global_colors_info=\u00bb{}\u00bb][\/et_pb_fullwidth_header][\/et_pb_section][et_pb_section fb_built=\u00bb1&#8243; _builder_version=\u00bb4.16&#8243; custom_padding=\u00bb60px||||false|false\u00bb global_colors_info=\u00bb{}\u00bb][et_pb_row _builder_version=\u00bb4.16&#8243; global_colors_info=\u00bb{}\u00bb][et_pb_column type=\u00bb4_4&#8243; _builder_version=\u00bb4.16&#8243; global_colors_info=\u00bb{}\u00bb][et_pb_blog fullwidth=\u00bboff\u00bb posts_number=\u00bb9&#8243; include_categories=\u00bb15,7&#8243; use_manual_excerpt=\u00bboff\u00bb show_more=\u00bbon\u00bb show_author=\u00bboff\u00bb show_categories=\u00bboff\u00bb show_excerpt=\u00bboff\u00bb show_pagination=\u00bboff\u00bb use_overlay=\u00bbon\u00bb overlay_icon_color=\u00bbrgba(0,0,0,0)\u00bb hover_overlay_color=\u00bbrgba(124,218,36,0.4)\u00bb module_class=\u00bbet-custom-read-more-text\u00bb _builder_version=\u00bb4.19.4&#8243; header_font=\u00bbRoboto Condensed|700|||||||\u00bb header_font_size=\u00bb18px\u00bb header_line_height=\u00bb1.4em\u00bb body_font=\u00bbRoboto Condensed||||||||\u00bb read_more_font_size=\u00bb16px\u00bb text_orientation=\u00bbleft\u00bb custom_css_read_more=\u00bbdisplay: inline-block;||margin-top: 15px;||color:white;||padding: 0.3em 2em;||background-color: #4db757;||transition: all 300ms;||border-radius: 25px;\u00bb border_width_all=\u00bb0px\u00bb border_color_all=\u00bb#7cda24&#8243; border_radii_image=\u00bboff|10px|10px||\u00bb box_shadow_style=\u00bbpreset3&#8243; global_colors_info=\u00bb{}\u00bb][\/et_pb_blog][et_pb_code _builder_version=\u00bb4.19.4&#8243; _module_preset=\u00bbdefault\u00bb global_module=\u00bb483&#8243; global_colors_info=\u00bb{}\u00bb]<script><!-- [et_pb_line_break_holder] -->(function ($) {<!-- [et_pb_line_break_holder] -->  $(document).on(\"ready ajaxComplete\", function () {<!-- [et_pb_line_break_holder] -->    $(\".et-custom-read-more-text .et_pb_post a.more-link\").html(\"Ver art\u00edculo\");<!-- [et_pb_line_break_holder] -->  });<!-- [et_pb_line_break_holder] -->})(jQuery);<!-- [et_pb_line_break_holder] --><\/script>[\/et_pb_code][\/et_pb_column][\/et_pb_row][\/et_pb_section][et_pb_section fb_built=\u00bb1&#8243; _builder_version=\u00bb4.16&#8243; background_color=\u00bb#353334&#8243; custom_padding=\u00bb90px||90px||true|\u00bb global_module=\u00bb190&#8243; saved_tabs=\u00bball\u00bb global_colors_info=\u00bb{}\u00bb][et_pb_row column_structure=\u00bb3_5,1_5,1_5&#8243; _builder_version=\u00bb4.19.4&#8243; max_width=\u00bb1633px\u00bb global_colors_info=\u00bb{}\u00bb][et_pb_column type=\u00bb3_5&#8243; _builder_version=\u00bb4.16&#8243; global_colors_info=\u00bb{}\u00bb][et_pb_text _builder_version=\u00bb4.19.4&#8243; text_font=\u00bb||||||||\u00bb text_text_color=\u00bb#ffffff\u00bb text_font_size=\u00bb18px\u00bb link_text_color=\u00bb#9b9b9b\u00bb ul_font_size=\u00bb12px\u00bb header_2_font=\u00bbArial|600|||||||\u00bb header_2_text_color=\u00bb#ffffff\u00bb header_2_font_size=\u00bb18px\u00bb custom_margin=\u00bb||10px|||\u00bb global_colors_info=\u00bb{}\u00bb]<\/p>\n<h2>LA PLATAFORMA<\/h2>\n<p>[\/et_pb_text][et_pb_text _builder_version=\u00bb4.19.4&#8243; text_font=\u00bb||||||||\u00bb text_text_color=\u00bb#9b9b9b\u00bb text_font_size=\u00bb16px\u00bb text_line_height=\u00bb1.4em\u00bb text_font_size_tablet=\u00bb\u00bb text_font_size_phone=\u00bb15px\u00bb text_font_size_last_edited=\u00bbon|phone\u00bb global_colors_info=\u00bb{}\u00bb]<\/p>\n<p><span>Ener2Crowd no proporciona asesoramiento financiero, tributario o legal de ning\u00fan tipo y ninguna comunicaci\u00f3n emitida por Ener2Crowd, a trav\u00e9s de esta p\u00e1gina web o de cualquier otro medio, debe ser interpretada como tal. La informaci\u00f3n que aparece en estas comunicaciones es para fines de informaci\u00f3n general y no constituye un asesoramiento espec\u00edfico. Si tiene alguna pregunta con respecto a asuntos legales, financieros o tributarios relevantes para sus inversiones debe consultar a un asesor profesional. Las previsiones e informaci\u00f3n presentadas son s\u00f3lo planes de negocio propuestos exclusivamente por el promotor y es el promotor quien asume toda la responsabilidad sobre la informaci\u00f3n incluida en los mismos. El capital invertido no est\u00e1 garantizado por el Fondo de Garant\u00eda de Inversiones ni por el Fondo de Garant\u00eda de Dep\u00f3sitos. Cualquier inversi\u00f3n debe realizarse en relaci\u00f3n con la capacidad financiera propia del inversor, quien debe tener la capacidad de soportar p\u00e9rdidas y debe diversificar sus inversiones.<\/span><\/p>\n<p>[\/et_pb_text][et_pb_text _builder_version=\u00bb4.19.4&#8243; text_font=\u00bb||||||||\u00bb text_text_color=\u00bb#ffffff\u00bb text_font_size=\u00bb18px\u00bb link_text_color=\u00bb#9b9b9b\u00bb ul_font_size=\u00bb12px\u00bb header_2_font=\u00bbArial|600|||||||\u00bb header_2_text_color=\u00bb#ffffff\u00bb header_2_font_size=\u00bb18px\u00bb custom_margin=\u00bb||10px|||\u00bb global_colors_info=\u00bb{}\u00bb]<\/p>\n<h2>CONTACTO<\/h2>\n<p>[\/et_pb_text][et_pb_blurb use_icon=\u00bbon\u00bb font_icon=\u00bb&#xe076;||divi||400&#8243; icon_placement=\u00bbleft\u00bb image_icon_width=\u00bb151%\u00bb _builder_version=\u00bb4.19.4&#8243; _module_preset=\u00bbdefault\u00bb header_text_align=\u00bbleft\u00bb body_text_align=\u00bbleft\u00bb body_text_color=\u00bb#9B9B9B\u00bb body_link_text_align=\u00bbleft\u00bb body_ul_text_align=\u00bbleft\u00bb body_ol_text_align=\u00bbleft\u00bb body_quote_text_align=\u00bbleft\u00bb module_alignment=\u00bbleft\u00bb custom_margin=\u00bb||17px|-40px|false|false\u00bb custom_margin_tablet=\u00bb\u00bb custom_margin_phone=\u00bb|||0px|false|false\u00bb custom_margin_last_edited=\u00bbon|phone\u00bb global_colors_info=\u00bb{}\u00bb]<\/p>\n<p><strong>Informaci\u00f3n general: <a href=\"mailto:info@ener2crowd.com\">info@ener2crowd.com<\/a><\/strong><\/p>\n<p>[\/et_pb_blurb][et_pb_blurb use_icon=\u00bbon\u00bb font_icon=\u00bb&#xe076;||divi||400&#8243; icon_placement=\u00bbleft\u00bb image_icon_width=\u00bb151%\u00bb _builder_version=\u00bb4.19.4&#8243; _module_preset=\u00bbdefault\u00bb header_text_align=\u00bbleft\u00bb body_text_align=\u00bbleft\u00bb body_text_color=\u00bb#9B9B9B\u00bb body_link_text_align=\u00bbleft\u00bb body_ul_text_align=\u00bbleft\u00bb body_ol_text_align=\u00bbleft\u00bb body_quote_text_align=\u00bbleft\u00bb module_alignment=\u00bbleft\u00bb custom_margin=\u00bb||17px|-40px|false|false\u00bb custom_margin_tablet=\u00bb\u00bb custom_margin_phone=\u00bb|||0px|false|false\u00bb custom_margin_last_edited=\u00bbon|phone\u00bb global_colors_info=\u00bb{}\u00bb]<\/p>\n<p style=\"text-align: left;\"><strong>Asistencia por email: <a href=\"mailto:soporte@ener2crowd.com\" target=\"_blank\" rel=\"noopener\">soporte@ener2crowd.com<\/a><\/strong><\/p>\n<p>[\/et_pb_blurb][et_pb_blurb use_icon=\u00bbon\u00bb font_icon=\u00bb&#xf879;||fa||900&#8243; icon_placement=\u00bbleft\u00bb image_icon_width=\u00bb151%\u00bb _builder_version=\u00bb4.19.4&#8243; _module_preset=\u00bbdefault\u00bb header_text_align=\u00bbleft\u00bb body_text_align=\u00bbleft\u00bb body_text_color=\u00bb#9B9B9B\u00bb body_link_text_align=\u00bbleft\u00bb body_ul_text_align=\u00bbleft\u00bb body_ol_text_align=\u00bbleft\u00bb body_quote_text_align=\u00bbleft\u00bb module_alignment=\u00bbleft\u00bb custom_margin=\u00bb||17px|-40px|false|false\u00bb custom_margin_tablet=\u00bb\u00bb custom_margin_phone=\u00bb|||0px|false|false\u00bb custom_margin_last_edited=\u00bbon|phone\u00bb global_colors_info=\u00bb{}\u00bb]<\/p>\n<p style=\"text-align: left;\"><span><strong>Asistencia telef\u00f3nica (EnerLine)<\/strong>: +34 91 117 90 54*<\/span><\/p>\n<p>[\/et_pb_blurb][et_pb_text _builder_version=\u00bb4.19.4&#8243; text_font=\u00bb||||||||\u00bb text_text_color=\u00bb#9b9b9b\u00bb text_font_size=\u00bb13px\u00bb text_line_height=\u00bb1.4em\u00bb text_font_size_tablet=\u00bb\u00bb text_font_size_phone=\u00bb15px\u00bb text_font_size_last_edited=\u00bbon|phone\u00bb global_colors_info=\u00bb{}\u00bb]<\/p>\n<p><span>*Servicio gratuito de lunes a viernes, de 9h a 13h y de 14h a 18h. El coste de la llamada puede variar seg\u00fan tu operador.<\/span><\/p>\n<p>[\/et_pb_text][\/et_pb_column][et_pb_column type=\u00bb1_5&#8243; _builder_version=\u00bb4.16&#8243; global_colors_info=\u00bb{}\u00bb][et_pb_text _builder_version=\u00bb4.19.4&#8243; text_font=\u00bb||||||||\u00bb text_text_color=\u00bb#ffffff\u00bb text_font_size=\u00bb18px\u00bb link_text_color=\u00bb#9b9b9b\u00bb ul_font_size=\u00bb12px\u00bb header_2_font=\u00bbArial|600|||||||\u00bb header_2_text_color=\u00bb#ffffff\u00bb header_2_font_size=\u00bb18px\u00bb custom_margin=\u00bb||10px|||\u00bb global_colors_info=\u00bb{}\u00bb]<\/p>\n<h2>MODALIDAD DE PAGO<\/h2>\n<p>[\/et_pb_text][et_pb_image src=\u00bbhttps:\/\/blog.ener2crowd.com\/es\/wp-content\/uploads\/2023\/01\/img-cards.png\u00bb _builder_version=\u00bb4.16&#8243; global_colors_info=\u00bb{}\u00bb][\/et_pb_image][et_pb_text _builder_version=\u00bb4.19.4&#8243; text_font=\u00bb||||||||\u00bb text_text_color=\u00bb#9b9b9b\u00bb text_font_size=\u00bb13px\u00bb text_font_size_tablet=\u00bb\u00bb text_font_size_phone=\u00bb15px\u00bb text_font_size_last_edited=\u00bbon|phone\u00bb global_colors_info=\u00bb{}\u00bb]<\/p>\n<p><span>Recarga tu Wallet con tarjeta de cr\u00e9dito o transferencia bancaria<\/span><\/p>\n<p>[\/et_pb_text][\/et_pb_column][et_pb_column type=\u00bb1_5&#8243; _builder_version=\u00bb4.16&#8243; global_colors_info=\u00bb{}\u00bb][et_pb_image src=\u00bbhttps:\/\/blog.ener2crowd.com\/es\/wp-content\/uploads\/2023\/01\/logo-lemonway-footer.png\u00bb _builder_version=\u00bb4.16&#8243; global_colors_info=\u00bb{}\u00bb][\/et_pb_image][et_pb_text _builder_version=\u00bb4.19.4&#8243; text_font=\u00bb||||||||\u00bb text_text_color=\u00bb#9b9b9b\u00bb text_font_size=\u00bb13px\u00bb text_font_size_tablet=\u00bb\u00bb text_font_size_phone=\u00bb15px\u00bb text_font_size_last_edited=\u00bbon|phone\u00bb global_colors_info=\u00bb{}\u00bb]<\/p>\n<p><span>El proceso de pago est\u00e1 garantizado por LemonWay, Entidad de Pagos autorizada para operar en toda la Uni\u00f3n Europea.<\/span><\/p>\n<p>[\/et_pb_text][\/et_pb_column][\/et_pb_row][et_pb_row column_structure=\u00bb1_4,1_4,1_4,1_4&#8243; _builder_version=\u00bb4.16&#8243; width=\u00bb87%\u00bb max_width=\u00bb1239px\u00bb custom_padding=\u00bb49px|||||\u00bb global_colors_info=\u00bb{}\u00bb][et_pb_column type=\u00bb1_4&#8243; _builder_version=\u00bb4.16&#8243; global_colors_info=\u00bb{}\u00bb][et_pb_image src=\u00bbhttps:\/\/www.ener2crowd.com\/frontend\/assets\/img\/logo-ener2crowd-footer.svg\u00bb _builder_version=\u00bb4.16&#8243; global_colors_info=\u00bb{}\u00bb][\/et_pb_image][\/et_pb_column][et_pb_column type=\u00bb1_4&#8243; _builder_version=\u00bb4.16&#8243; global_colors_info=\u00bb{}\u00bb][et_pb_text _builder_version=\u00bb4.19.4&#8243; text_font=\u00bb||||||||\u00bb text_text_color=\u00bb#ffffff\u00bb text_font_size=\u00bb18px\u00bb link_text_color=\u00bb#9b9b9b\u00bb ul_font_size=\u00bb12px\u00bb header_2_font=\u00bbArial|600|||||||\u00bb header_2_text_color=\u00bb#ffffff\u00bb header_2_font_size=\u00bb17px\u00bb global_colors_info=\u00bb{}\u00bb]<\/p>\n<h2>ENER2CROWD<\/h2>\n<ul class=\"list-group\">\n<li><a href=\"https:\/\/www.ener2crowd.com\/es\/proyectos-sostenibles\">INVERSORES<\/a><\/li>\n<li><a href=\"https:\/\/www.ener2crowd.com\/es\/financiacion-alternativa-empresas\">PROMOTORES<\/a><\/li>\n<li><a href=\"https:\/\/www.ener2crowd.com\/es\/como-funciona\">COMO FUNCIONA<\/a><\/li>\n<li><a href=\"https:\/\/www.ener2crowd.com\/es\/inversion-energias-renovables\">INVERSI\u00d3N EN ENERG\u00cdAS RENOVABLES<\/a><\/li>\n<li><a href=\"https:\/\/www.ener2crowd.com\/es\/inversion-energia-solar\">INVERSI\u00d3N EN ENERG\u00cdA SOLAR<\/a><\/li>\n<li><a href=\"https:\/\/www.ener2crowd.com\/es\/crowdlending\">CROWDLENDING<\/a><\/li>\n<li><a href=\"https:\/\/www.ener2crowd.com\/es\/inversiones\/simulador\">SIMULADOR DE INVERSIONES<\/a><\/li>\n<li><a href=\"https:\/\/www.ener2crowd.com\/es\/faq\">FAQ<\/a><\/li>\n<li><a href=\"https:\/\/www.ener2crowd.com\/es\/quienes-somos\">SOBRE NOSOTROS<\/a><\/li>\n<li><a href=\"https:\/\/www.ener2crowd.com\/es\/contacto\">CONTACTO<\/a><\/li>\n<li><a href=\"https:\/\/www.ener2crowd.com\/es\/ecosistema\">ECOSISTEMA<\/a><\/li>\n<li><a href=\"https:\/\/greenvestingforum.it\/comitato-etico\/\" target=\"_blank\" rel=\"noopener\">COMIT\u00c9 DE \u00c9TICA<\/a><\/li>\n<\/ul>\n<p>[\/et_pb_text][\/et_pb_column][et_pb_column type=\u00bb1_4&#8243; _builder_version=\u00bb4.16&#8243; global_colors_info=\u00bb{}\u00bb][et_pb_text _builder_version=\u00bb4.19.4&#8243; text_font=\u00bb||||||||\u00bb text_text_color=\u00bb#ffffff\u00bb text_font_size=\u00bb18px\u00bb link_text_color=\u00bb#9b9b9b\u00bb ul_font_size=\u00bb12px\u00bb header_2_font=\u00bbArial|600|||||||\u00bb header_2_text_color=\u00bb#ffffff\u00bb header_2_font_size=\u00bb17px\u00bb global_colors_info=\u00bb{}\u00bb]<\/p>\n<h2>LEGAL<\/h2>\n<ul class=\"list-group\">\n<li><a href=\"https:\/\/www.ener2crowd.com\/frontend\/contents\/contracts\/ener2crowd-es.pdf\">CONDICIONES GENERALES DEL PR\u00c9STAMO<\/a><\/li>\n<li><a href=\"https:\/\/www.lemonway.com\/es\/condiciones-generales-de-uso\/\" target=\"_blank\" rel=\"noopener\">T\u00c9RMINOS Y CONDICIONES DE LEMONWAY<\/a><\/li>\n<li><a href=\"https:\/\/www.ener2crowd.com\/frontend\/contents\/contracts\/Informativa-registrazione-preliminare-es.pdf\">POL\u00cdTICA DE PRIVACIDAD<\/a><\/li>\n<li><a href=\"https:\/\/www.ener2crowd.com\/es\/cookie-policy\">POL\u00cdTICA DE COOKIES<\/a><\/li>\n<\/ul>\n<p>[\/et_pb_text][\/et_pb_column][et_pb_column type=\u00bb1_4&#8243; _builder_version=\u00bb4.16&#8243; global_colors_info=\u00bb{}\u00bb][et_pb_text _builder_version=\u00bb4.19.4&#8243; text_font=\u00bb||||||||\u00bb text_text_color=\u00bb#ffffff\u00bb text_font_size=\u00bb18px\u00bb link_text_color=\u00bb#9b9b9b\u00bb ul_font_size=\u00bb12px\u00bb header_2_font=\u00bbArial|600|||||||\u00bb header_2_text_color=\u00bb#ffffff\u00bb header_2_font_size=\u00bb17px\u00bb custom_margin=\u00bb||23px|||\u00bb global_colors_info=\u00bb{}\u00bb]<\/p>\n<h2>S\u00cdGUENOS EN<\/h2>\n<p>[\/et_pb_text][et_pb_social_media_follow _builder_version=\u00bb4.19.4&#8243; global_colors_info=\u00bb{}\u00bb][et_pb_social_media_follow_network social_network=\u00bbfacebook\u00bb url=\u00bbhttps:\/\/www.facebook.com\/ener2crowd.espana\u00bb _builder_version=\u00bb4.19.4&#8243; background_color=\u00bb#4DB757&#8243; background_enable_color=\u00bbon\u00bb global_colors_info=\u00bb{}\u00bb follow_button=\u00bboff\u00bb url_new_window=\u00bbon\u00bb]facebook[\/et_pb_social_media_follow_network][et_pb_social_media_follow_network social_network=\u00bblinkedin\u00bb url=\u00bbhttps:\/\/www.linkedin.com\/company\/ener2crowd-espa%C3%B1a\/\u00bb _builder_version=\u00bb4.19.4&#8243; background_color=\u00bb#4DB757&#8243; background_enable_color=\u00bbon\u00bb global_colors_info=\u00bb{}\u00bb follow_button=\u00bboff\u00bb url_new_window=\u00bbon\u00bb]linkedin[\/et_pb_social_media_follow_network][et_pb_social_media_follow_network social_network=\u00bbtelegram\u00bb url=\u00bbhttps:\/\/t.me\/e2c_community\u00bb _builder_version=\u00bb4.19.4&#8243; background_color=\u00bb#4DB757&#8243; background_enable_color=\u00bbon\u00bb global_colors_info=\u00bb{}\u00bb follow_button=\u00bboff\u00bb url_new_window=\u00bbon\u00bb]telegram[\/et_pb_social_media_follow_network][et_pb_social_media_follow_network social_network=\u00bbinstagram\u00bb url=\u00bbhttps:\/\/www.instagram.com\/ener2crowd_es\/\u00bb _builder_version=\u00bb4.19.4&#8243; background_color=\u00bb#4DB757&#8243; background_enable_color=\u00bbon\u00bb global_colors_info=\u00bb{}\u00bb follow_button=\u00bboff\u00bb url_new_window=\u00bbon\u00bb]instagram[\/et_pb_social_media_follow_network][et_pb_social_media_follow_network social_network=\u00bbyoutube\u00bb url=\u00bbhttps:\/\/www.youtube.com\/channel\/UCEurEsjliT2hVdb97UCWQWw\u00bb _builder_version=\u00bb4.19.4&#8243; background_color=\u00bb#4DB757&#8243; background_enable_color=\u00bbon\u00bb global_colors_info=\u00bb{}\u00bb follow_button=\u00bboff\u00bb url_new_window=\u00bbon\u00bb]youtube[\/et_pb_social_media_follow_network][\/et_pb_social_media_follow][\/et_pb_column][\/et_pb_row][et_pb_row _builder_version=\u00bb4.16&#8243; width=\u00bb87%\u00bb max_width=\u00bb1239px\u00bb custom_padding=\u00bb49px|||||\u00bb global_colors_info=\u00bb{}\u00bb][et_pb_column type=\u00bb4_4&#8243; _builder_version=\u00bb4.16&#8243; global_colors_info=\u00bb{}\u00bb][et_pb_divider color=\u00bb#9b9b9b\u00bb _builder_version=\u00bb4.16&#8243; global_colors_info=\u00bb{}\u00bb][\/et_pb_divider][et_pb_text _builder_version=\u00bb4.19.4&#8243; text_text_color=\u00bb#9b9b9b\u00bb global_colors_info=\u00bb{}\u00bb]<\/p>\n<p style=\"text-align: center;\"><span>\u00a9 2023 ENER2CROWD S.R.L. SB |\u00a0<\/span><a href=\"https:\/\/www.ener2crowd.com\/frontend\/contents\/common\/Info_Startup.pdf\" target=\"_blank\" rel=\"noopener\">Startup Innovadora y Societ\u00e0 Benefit<\/a><span>\u00a0| NIF W0241229D | Calle Vel\u00e1zquez 37, 1a planta, 28001 Madrid |\u00a0<\/span><a href=\"https:\/\/crowdfunding.webeasytech.com\/\" target=\"_blank\" rel=\"noopener\">Credits<\/a><span><\/span><br \/><span>Este sitio web utiliza solo cookies t\u00e9cnicas que no requieren consentimiento. Para m\u00e1s informaci\u00f3n sobre las cookies, consulte la\u00a0<\/span><a href=\"https:\/\/www.ener2crowd.com\/es\/cookie-policy\">Pol\u00edtica de Cookies<\/a><\/p>\n<p>[\/et_pb_text][\/et_pb_column][\/et_pb_row][\/et_pb_section]<\/p>\n","protected":false},"excerpt":{"rendered":"<p>LA PLATAFORMAEner2Crowd no proporciona asesoramiento financiero, tributario o legal de ning\u00fan tipo y ninguna comunicaci\u00f3n emitida por Ener2Crowd, a trav\u00e9s de esta p\u00e1gina web o de cualquier otro medio, debe ser interpretada como tal. La informaci\u00f3n que aparece en estas comunicaciones es para fines de informaci\u00f3n general y no constituye un asesoramiento espec\u00edfico. Si tiene [&hellip;]<\/p>\n","protected":false},"author":8,"featured_media":0,"parent":0,"menu_order":0,"comment_status":"closed","ping_status":"closed","template":"","meta":{"_et_pb_use_builder":"on","_et_pb_old_content":"","_et_gb_content_width":""},"_links":{"self":[{"href":"https:\/\/blog.ener2crowd.com\/es\/wp-json\/wp\/v2\/pages\/860"}],"collection":[{"href":"https:\/\/blog.ener2crowd.com\/es\/wp-json\/wp\/v2\/pages"}],"about":[{"href":"https:\/\/blog.ener2crowd.com\/es\/wp-json\/wp\/v2\/types\/page"}],"author":[{"embeddable":true,"href":"https:\/\/blog.ener2crowd.com\/es\/wp-json\/wp\/v2\/users\/8"}],"replies":[{"embeddable":true,"href":"https:\/\/blog.ener2crowd.com\/es\/wp-json\/wp\/v2\/comments?post=860"}],"version-history":[{"count":8,"href":"https:\/\/blog.ener2crowd.com\/es\/wp-json\/wp\/v2\/pages\/860\/revisions"}],"predecessor-version":[{"id":907,"href":"https:\/\/blog.ener2crowd.com\/es\/wp-json\/wp\/v2\/pages\/860\/revisions\/907"}],"wp:attachment":[{"href":"https:\/\/blog.ener2crowd.com\/es\/wp-json\/wp\/v2\/media?parent=860"}],"curies":[{"name":"wp","href":"https:\/\/api.w.org\/{rel}","templated":true}]}}